{"id":172,"date":"2020-09-14T12:15:31","date_gmt":"2020-09-14T12:15:31","guid":{"rendered":"https:\/\/klinikavera-virhov.com\/?page_id=172"},"modified":"2020-09-16T14:28:06","modified_gmt":"2020-09-16T14:28:06","slug":"ekografi","status":"publish","type":"page","link":"https:\/\/klinikavera-virhov.com\/index.php\/ekografi\/","title":{"rendered":"Ekografi"},"content":{"rendered":"<div class=\"wpb-content-wrapper\"><p>[vc_row][vc_column][vc_custom_heading text=&#8221;Sh\u00ebrbimi ekografik&#8221; font_container=&#8221;tag:h4|text_align:justify|color:%231a2252&#8243; use_theme_fonts=&#8221;yes&#8221;][vc_row_inner][vc_column_inner width=&#8221;1\/2&#8243;][vc_empty_space height=&#8221;12px&#8221;]<div class=\"standard-arrow bullet-top\"><ul>\n<li>\n<div dir=\"auto\">Eko abdominale tek t\u00eb rriturit dhe t\u00eb vegjlit<\/div>\n<\/li>\n<li>\n<div dir=\"auto\">Eko pelvike (gjinekologjike)<\/div>\n<\/li>\n<li>\n<div dir=\"auto\">Eko transrektale ( p\u00ebr inflamacione t\u00eb prostat\u00ebs)<\/div>\n<\/li>\n<li>\n<div dir=\"auto\">Eko t\u00eb tiroideve<\/div>\n<\/li>\n<li>\n<div dir=\"auto\">Eko t\u00eb qaf\u00ebs<\/div>\n<\/li>\n<li>\n<div dir=\"auto\">Eko e gjirit<\/div>\n<\/li>\n<\/ul>\n<\/div><div class=\"standard-arrow bullet-top\"><div dir=\"auto\">\n<ul>\n<li dir=\"auto\">Eko scrotale (testikuj)<\/li>\n<li dir=\"auto\">Eko dopler<\/li>\n<li dir=\"auto\">Eko kokso femorale<\/li>\n<li dir=\"auto\">Eko e sistemit muskolo &#8211; skeletar<\/li>\n<li dir=\"auto\">Eko doppler e sistemit arterial dhe venoz<\/li>\n<\/ul>\n<\/div>\n<\/div>[\/vc_column_inner][vc_column_inner width=&#8221;1\/2&#8243; css=&#8221;.vc_custom_1600085766229{margin-top: -10px !important;}&#8221;][vc_single_image image=&#8221;44&#8243; img_size=&#8221;full&#8221;][\/vc_column_inner][\/vc_row_inner][\/vc_column][\/vc_row]<\/p>\n<\/div>","protected":false},"excerpt":{"rendered":"<p>[vc_row][vc_column][vc_custom_heading text=&#8221;Sh\u00ebrbimi ekografik&#8221; font_container=&#8221;tag:h4|text_align:justify|color:%231a2252&#8243; use_theme_fonts=&#8221;yes&#8221;][vc_row_inner][vc_column_inner width=&#8221;1\/2&#8243;][vc_empty_space height=&#8221;12px&#8221;][\/vc_column_inner][vc_column_inner width=&#8221;1\/2&#8243; css=&#8221;.vc_custom_1600085766229{margin-top: -10px !important;}&#8221;][vc_single_image image=&#8221;44&#8243; img_size=&#8221;full&#8221;][\/vc_column_inner][\/vc_row_inner][\/vc_column][\/vc_row]<\/p>\n","protected":false},"author":1,"featured_media":0,"parent":0,"menu_order":0,"comment_status":"closed","ping_status":"closed","template":"","meta":{"footnotes":""},"class_list":["post-172","page","type-page","status-publish","hentry","description-off"],"_links":{"self":[{"href":"https:\/\/klinikavera-virhov.com\/index.php\/wp-json\/wp\/v2\/pages\/172","targetHints":{"allow":["GET"]}}],"collection":[{"href":"https:\/\/klinikavera-virhov.com\/index.php\/wp-json\/wp\/v2\/pages"}],"about":[{"href":"https:\/\/klinikavera-virhov.com\/index.php\/wp-json\/wp\/v2\/types\/page"}],"author":[{"embeddable":true,"href":"https:\/\/klinikavera-virhov.com\/index.php\/wp-json\/wp\/v2\/users\/1"}],"replies":[{"embeddable":true,"href":"https:\/\/klinikavera-virhov.com\/index.php\/wp-json\/wp\/v2\/comments?post=172"}],"version-history":[{"count":10,"href":"https:\/\/klinikavera-virhov.com\/index.php\/wp-json\/wp\/v2\/pages\/172\/revisions"}],"predecessor-version":[{"id":232,"href":"https:\/\/klinikavera-virhov.com\/index.php\/wp-json\/wp\/v2\/pages\/172\/revisions\/232"}],"wp:attachment":[{"href":"https:\/\/klinikavera-virhov.com\/index.php\/wp-json\/wp\/v2\/media?parent=172"}],"curies":[{"name":"wp","href":"https:\/\/api.w.org\/{rel}","templated":true}]}}