{"id":118,"date":"2020-09-14T09:33:08","date_gmt":"2020-09-14T09:33:08","guid":{"rendered":"https:\/\/klinikavera-virhov.com\/?page_id=118"},"modified":"2020-09-16T10:45:17","modified_gmt":"2020-09-16T10:45:17","slug":"partner-ship","status":"publish","type":"page","link":"https:\/\/klinikavera-virhov.com\/index.php\/partner-ship\/","title":{"rendered":"PARTNERSHIP"},"content":{"rendered":"<div class=\"wpb-content-wrapper\"><p>[vc_row][vc_column][vc_custom_heading text=&#8221;Partnership&#8221; font_container=&#8221;tag:h4|text_align:justify|color:%231a2252&#8243; use_theme_fonts=&#8221;yes&#8221;]<div class=\"standard-arrow list-divider bullet-top\"><ul>\n<li>CeGat Gmbh Clinic, n\u00ebn drejtimin e Dr. Saskia Biskup dhe dr. Dirk Biskup e cila ndodhet n\u00eb Tybingen &#8211; Gjermani. Klinika \u00ebsht\u00eb e akredituar nga FDA &#8211; Food and Drugh Administration). GeGat zb\u00ebrthen gjith\u00eb analizat gjenetike dhe mutacionet. Pajisjet jan\u00eb ILLUMINA dhe teknologjia e ROCHE.<\/li>\n<li>Klinika anatomo &#8211; pathologjike e drejtuar nga Prof.Dr. Bences Sipos e cila ndodhet n\u00eb Shtutgard &#8211; Gjermani. Klinika diagnostifikon biopsit\u00eb dhe gjetjen e vatr\u00ebs primare t\u00eb CA dhe m\u00eb pas rekomandon dhe target terapin\u00eb n\u00eb var\u00ebsi t\u00eb diagnoz\u00ebs.<\/li>\n<li>Alergoline Biotech Research s.r.l e cila ndodhet n\u00eb Itali\/ Pissa. Klinika diagnostifikon intoleranc\u00ebn gjenetike t\u00eb laktoz\u00ebs dhe glutenit.<\/li>\n<\/ul>\n<\/div>[\/vc_column][\/vc_row][vc_row][vc_column width=&#8221;1\/3&#8243;][vc_single_image image=&#8221;219&#8243; img_size=&#8221;medium&#8221; alignment=&#8221;center&#8221; style=&#8221;vc_box_shadow&#8221;][\/vc_column][vc_column width=&#8221;1\/3&#8243;][vc_single_image image=&#8221;218&#8243; img_size=&#8221;medium&#8221; alignment=&#8221;center&#8221; style=&#8221;vc_box_shadow&#8221;][\/vc_column][vc_column width=&#8221;1\/3&#8243;][vc_single_image image=&#8221;213&#8243; img_size=&#8221;medium&#8221; alignment=&#8221;center&#8221; style=&#8221;vc_box_shadow&#8221;][\/vc_column][\/vc_row][vc_row][vc_column][vc_empty_space height=&#8221;40px&#8221;]<div id=\"ult-carousel-257901017069f5fe41c1e4c\" class=\"ult-carousel-wrapper   ult_horizontal\" data-gutter=\"15\" data-rtl=\"false\" ><div class=\"ult-carousel-203586520969f5fe41c1d26 \" >[vc_single_image image=&#8221;126&#8243; img_size=&#8221;full&#8221; onclick=&#8221;link_image&#8221;][vc_single_image image=&#8221;127&#8243; img_size=&#8221;full&#8221; onclick=&#8221;link_image&#8221;][vc_single_image image=&#8221;130&#8243; img_size=&#8221;full&#8221; onclick=&#8221;link_image&#8221;][vc_single_image image=&#8221;136&#8243; img_size=&#8221;900&#215;600&#8243; onclick=&#8221;link_image&#8221;]<\/div><\/div>\t\t\t<script type=\"text\/javascript\">\n\t\t\t\tjQuery(document).ready(function ($) {\n\t\t\t\t\tif( typeof jQuery('.ult-carousel-203586520969f5fe41c1d26').slick == \"function\"){\n\t\t\t\t\t\t$('.ult-carousel-203586520969f5fe41c1d26').slick({dots: true,autoplay: true,autoplaySpeed: \"5000\",speed: \"300\",infinite: true,arrows: true,nextArrow: '<button type=\"button\" role=\"button\" aria-label=\"Next\" style=\"color:#1a2252; font-size:20px;\" class=\"slick-next default\"><i class=\"ultsl-arrow-right4\"><\/i><\/button>',prevArrow: '<button type=\"button\" role=\"button\" aria-label=\"Previous\" style=\"color:#1a2252; font-size:20px;\" class=\"slick-prev default\"><i class=\"ultsl-arrow-left4\"><\/i><\/button>',slidesToScroll:2,slidesToShow:2,swipe: true,draggable: true,touchMove: true,pauseOnHover: true,pauseOnFocus: false,responsive: [\n\t\t\t\t\t\t\t{\n\t\t\t\t\t\t\t  breakpoint: 1026,\n\t\t\t\t\t\t\t  settings: {\n\t\t\t\t\t\t\t\tslidesToShow: 2,\n\t\t\t\t\t\t\t\tslidesToScroll: 2,  \n\t\t\t\t\t\t\t  }\n\t\t\t\t\t\t\t},\n\t\t\t\t\t\t\t{\n\t\t\t\t\t\t\t  breakpoint: 1025,\n\t\t\t\t\t\t\t  settings: {\n\t\t\t\t\t\t\t\tslidesToShow: 2,\n\t\t\t\t\t\t\t\tslidesToScroll: 2\n\t\t\t\t\t\t\t  }\n\t\t\t\t\t\t\t},\n\t\t\t\t\t\t\t{\n\t\t\t\t\t\t\t  breakpoint: 760,\n\t\t\t\t\t\t\t  settings: {\n\t\t\t\t\t\t\t\tslidesToShow: 1,\n\t\t\t\t\t\t\t\tslidesToScroll: 1\n\t\t\t\t\t\t\t  }\n\t\t\t\t\t\t\t}\n\t\t\t\t\t\t],pauseOnDotsHover: true,customPaging: function(slider, i) {\n                   return '<i type=\"button\" style= \"color:#1a2252;\" class=\"ultsl-radio-checked\" data-role=\"none\"><\/i>';\n                },});\n\t\t\t\t\t}\n\t\t\t\t});\n\t\t\t<\/script>\n\t\t\t[\/vc_column][\/vc_row]<\/p>\n<\/div>","protected":false},"excerpt":{"rendered":"<p>[vc_row][vc_column][vc_custom_heading text=&#8221;Partnership&#8221; font_container=&#8221;tag:h4|text_align:justify|color:%231a2252&#8243; use_theme_fonts=&#8221;yes&#8221;][\/vc_column][\/vc_row][vc_row][vc_column width=&#8221;1\/3&#8243;][vc_single_image image=&#8221;219&#8243; img_size=&#8221;medium&#8221; alignment=&#8221;center&#8221; style=&#8221;vc_box_shadow&#8221;][\/vc_column][vc_column width=&#8221;1\/3&#8243;][vc_single_image image=&#8221;218&#8243; img_size=&#8221;medium&#8221; alignment=&#8221;center&#8221; style=&#8221;vc_box_shadow&#8221;][\/vc_column][vc_column width=&#8221;1\/3&#8243;][vc_single_image image=&#8221;213&#8243; img_size=&#8221;medium&#8221; alignment=&#8221;center&#8221; style=&#8221;vc_box_shadow&#8221;][\/vc_column][\/vc_row][vc_row][vc_column][vc_empty_space height=&#8221;40px&#8221;][\/vc_column][\/vc_row]<\/p>\n","protected":false},"author":1,"featured_media":0,"parent":0,"menu_order":0,"comment_status":"closed","ping_status":"closed","template":"","meta":{"footnotes":""},"class_list":["post-118","page","type-page","status-publish","hentry","description-off"],"_links":{"self":[{"href":"https:\/\/klinikavera-virhov.com\/index.php\/wp-json\/wp\/v2\/pages\/118","targetHints":{"allow":["GET"]}}],"collection":[{"href":"https:\/\/klinikavera-virhov.com\/index.php\/wp-json\/wp\/v2\/pages"}],"about":[{"href":"https:\/\/klinikavera-virhov.com\/index.php\/wp-json\/wp\/v2\/types\/page"}],"author":[{"embeddable":true,"href":"https:\/\/klinikavera-virhov.com\/index.php\/wp-json\/wp\/v2\/users\/1"}],"replies":[{"embeddable":true,"href":"https:\/\/klinikavera-virhov.com\/index.php\/wp-json\/wp\/v2\/comments?post=118"}],"version-history":[{"count":20,"href":"https:\/\/klinikavera-virhov.com\/index.php\/wp-json\/wp\/v2\/pages\/118\/revisions"}],"predecessor-version":[{"id":221,"href":"https:\/\/klinikavera-virhov.com\/index.php\/wp-json\/wp\/v2\/pages\/118\/revisions\/221"}],"wp:attachment":[{"href":"https:\/\/klinikavera-virhov.com\/index.php\/wp-json\/wp\/v2\/media?parent=118"}],"curies":[{"name":"wp","href":"https:\/\/api.w.org\/{rel}","templated":true}]}}